{"id":13640,"date":"2014-03-25T09:40:05","date_gmt":"2014-03-25T09:40:05","guid":{"rendered":"http:\/\/demo.qodeinteractive.com\/bridge12\/?page_id=13640"},"modified":"2024-08-24T04:44:23","modified_gmt":"2024-08-24T02:44:23","slug":"message-boxes","status":"publish","type":"page","link":"https:\/\/esiggroupe.com\/index.php\/message-boxes\/","title":{"rendered":"CAP Maintenance des Syst\u00e8mes Informatiques et R\u00e9seaux"},"content":{"rendered":"<p>[vc_row css_animation=&#8221;&#8221; row_type=&#8221;row&#8221; use_row_as_full_screen_section=&#8221;no&#8221; type=&#8221;grid&#8221; angled_section=&#8221;no&#8221; text_align=&#8221;left&#8221; background_image_as_pattern=&#8221;without_pattern&#8221; padding_top=&#8221;87&#8243; background_color=&#8221;#ffffff&#8221; padding_bottom=&#8221;95&#8243;][vc_column][vc_column_text]<\/p>\n<h3 style=\"text-align: center;\">Le CAP Maintenance des Syst\u00e8mes Informatiques et R\u00e9seaux constitue une excellente porte d&#8217;entr\u00e9e dans le secteur de l&#8217;informatique, offrant \u00e0 la fois une insertion rapide sur le march\u00e9 du travail et des opportunit\u00e9s de sp\u00e9cialisation.<\/h3>\n<p>[\/vc_column_text][vc_separator type=&#8221;small&#8221; position=&#8221;center&#8221; down=&#8221;38&#8243; up=&#8221;7&#8243;][vc_column_text]<\/p>\n<h4 style=\"text-align: center;\">Le <strong>CAP Maintenance des Syst\u00e8mes Informatiques et R\u00e9seaux<\/strong> est un dipl\u00f4me\u00a0 qui forme les \u00e9tudiants \u00e0 la maintenance, l&#8217;installation, et la gestion des syst\u00e8mes informatiques et des r\u00e9seaux. Voici un aper\u00e7u des d\u00e9bouch\u00e9s professionnels et des aspects p\u00e9dagogiques de ce CAP :<\/h4>\n<p>[\/vc_column_text][vc_separator type=&#8221;transparent&#8221; up=&#8221;62&#8243; down=&#8221;15&#8243;]<div class='q_message  with_icon' style='background-color: #3498db;'><div class='q_message_inner'><div class=\"q_message_icon_holder\"><div class=\"q_message_icon\"><div class=\"q_message_icon_inner\"><img decoding=\"async\" itemprop=\"image\" src=\"https:\/\/esiggroupe.com\/wp-content\/uploads\/2024\/08\/57a32785348b412b3013e4e9bfee68d6a3cbced8.png\" alt=\"\"><\/div><\/div><\/div><a href='#' class='close'><i class='fa fa-times' style=''><\/i><\/a><div class='message_text_holder'><div class='message_text'><div class='message_text_inner'><strong>Technicien de Maintenance Informatique<\/strong><\/p>\n<ul>\n<li>Diagnostic, r\u00e9paration, et maintenance des ordinateurs et p\u00e9riph\u00e9riques.<\/li>\n<li>Installation et configuration de syst\u00e8mes d&#8217;exploitation, logiciels, et applications.<\/li>\n<li>Support technique aux utilisateurs (helpdesk).<\/li>\n<\/ul>\n<p><\/div><\/div><\/div><\/div><\/div>[vc_separator type=&#8221;transparent&#8221; up=&#8221;30&#8243; down=&#8221;0&#8243;]<div class='q_message  with_icon' style='background-color: #f1c40f;'><div class='q_message_inner'><div class=\"q_message_icon_holder\"><div class=\"q_message_icon\"><div class=\"q_message_icon_inner\"><img decoding=\"async\" itemprop=\"image\" src=\"https:\/\/esiggroupe.com\/wp-content\/uploads\/2024\/08\/57a32785348b412b3013e4e9bfee68d6a3cbced8.png\" alt=\"\"><\/div><\/div><\/div><a href='#' class='close'><i class='fa fa-times' style=''><\/i><\/a><div class='message_text_holder'><div class='message_text'><div class='message_text_inner'><strong>Technicien R\u00e9seaux<\/strong><\/p>\n<ul>\n<li>Installation et maintenance des r\u00e9seaux informatiques (LAN, WAN, Wi-Fi).<\/li>\n<li>Configuration et gestion des routeurs, switches, et autres \u00e9quipements r\u00e9seaux.<\/li>\n<li>S\u00e9curisation des r\u00e9seaux et surveillance de la performance.<\/li>\n<\/ul>\n<p><\/div><\/div><\/div><\/div><\/div>[vc_separator type=&#8221;transparent&#8221; up=&#8221;30&#8243; down=&#8221;0&#8243;]<div class='q_message  with_icon' style='background-color: #2ecc71;'><div class='q_message_inner'><div class=\"q_message_icon_holder\"><div class=\"q_message_icon\"><div class=\"q_message_icon_inner\"><img decoding=\"async\" itemprop=\"image\" src=\"https:\/\/esiggroupe.com\/wp-content\/uploads\/2024\/08\/57a32785348b412b3013e4e9bfee68d6a3cbced8.png\" alt=\"\"><\/div><\/div><\/div><a href='#' class='close'><i class='fa fa-times' style=''><\/i><\/a><div class='message_text_holder'><div class='message_text'><div class='message_text_inner'><strong>Technicien en Support Informatique<\/strong><\/p>\n<ul>\n<li>Assistance aux utilisateurs dans la r\u00e9solution de probl\u00e8mes informatiques.<\/li>\n<li>Formation des utilisateurs sur les outils informatiques.<\/li>\n<li>Gestion des incidents techniques et d\u00e9pannage \u00e0 distance ou sur site.<\/li>\n<\/ul>\n<p><\/div><\/div><\/div><\/div><\/div>[vc_separator type=&#8221;transparent&#8221; up=&#8221;30&#8243; down=&#8221;0&#8243;]<div class='q_message  with_icon' style='background-color: #e74c3c;'><div class='q_message_inner'><div class=\"q_message_icon_holder\"><div class=\"q_message_icon\"><div class=\"q_message_icon_inner\"><img decoding=\"async\" itemprop=\"image\" src=\"https:\/\/esiggroupe.com\/wp-content\/uploads\/2024\/08\/57a32785348b412b3013e4e9bfee68d6a3cbced8.png\" alt=\"\"><\/div><\/div><\/div><a href='#' class='close'><i class='fa fa-times' style=''><\/i><\/a><div class='message_text_holder'><div class='message_text'><div class='message_text_inner'><strong>Technicien de D\u00e9ploiement<\/strong><\/p>\n<ul>\n<li>Installation de nouveaux syst\u00e8mes informatiques et r\u00e9seaux dans les entreprises.<\/li>\n<li>Migration de donn\u00e9es et configuration des \u00e9quipements.<\/li>\n<li>Tests de bon fonctionnement et mise en service des infrastructures.<\/li>\n<\/ul>\n<p><\/div><\/div><\/div><\/div><\/div>[\/vc_column][\/vc_row][vc_row css_animation=&#8221;&#8221; row_type=&#8221;row&#8221; use_row_as_full_screen_section=&#8221;no&#8221; type=&#8221;full_width&#8221; angled_section=&#8221;no&#8221; text_align=&#8221;left&#8221; background_image_as_pattern=&#8221;without_pattern&#8221;][vc_column][\/vc_column][\/vc_row]<\/p>\n","protected":false},"excerpt":{"rendered":"<p>[vc_row css_animation=&#8221;&#8221; row_type=&#8221;row&#8221; use_row_as_full_screen_section=&#8221;no&#8221; type=&#8221;grid&#8221; angled_section=&#8221;no&#8221; text_align=&#8221;left&#8221; background_image_as_pattern=&#8221;without_pattern&#8221; padding_top=&#8221;87&#8243; background_color=&#8221;#ffffff&#8221; padding_bottom=&#8221;95&#8243;][vc_column][vc_column_text] Le CAP Maintenance des Syst\u00e8mes Informatiques et R\u00e9seaux constitue une excellente porte d&#8217;entr\u00e9e dans le secteur de l&#8217;informatique, offrant \u00e0 la fois une insertion rapide sur le march\u00e9 du travail et des opportunit\u00e9s de&#8230;<\/p>\n","protected":false},"author":1,"featured_media":0,"parent":0,"menu_order":0,"comment_status":"open","ping_status":"open","template":"full_width.php","meta":{"om_disable_all_campaigns":false,"footnotes":""},"aioseo_notices":[],"_links":{"self":[{"href":"https:\/\/esiggroupe.com\/index.php\/wp-json\/wp\/v2\/pages\/13640"}],"collection":[{"href":"https:\/\/esiggroupe.com\/index.php\/wp-json\/wp\/v2\/pages"}],"about":[{"href":"https:\/\/esiggroupe.com\/index.php\/wp-json\/wp\/v2\/types\/page"}],"author":[{"embeddable":true,"href":"https:\/\/esiggroupe.com\/index.php\/wp-json\/wp\/v2\/users\/1"}],"replies":[{"embeddable":true,"href":"https:\/\/esiggroupe.com\/index.php\/wp-json\/wp\/v2\/comments?post=13640"}],"version-history":[{"count":8,"href":"https:\/\/esiggroupe.com\/index.php\/wp-json\/wp\/v2\/pages\/13640\/revisions"}],"predecessor-version":[{"id":15629,"href":"https:\/\/esiggroupe.com\/index.php\/wp-json\/wp\/v2\/pages\/13640\/revisions\/15629"}],"wp:attachment":[{"href":"https:\/\/esiggroupe.com\/index.php\/wp-json\/wp\/v2\/media?parent=13640"}],"curies":[{"name":"wp","href":"https:\/\/api.w.org\/{rel}","templated":true}]}}