{"id":14833,"date":"2024-08-29T02:45:46","date_gmt":"2024-08-29T00:45:46","guid":{"rendered":"http:\/\/demo.qodeinteractive.com\/bridge12\/?page_id=14833"},"modified":"2024-08-29T03:57:09","modified_gmt":"2024-08-29T01:57:09","slug":"certifications-tosa","status":"publish","type":"page","link":"https:\/\/esiggroupe.com\/index.php\/certifications-tosa\/","title":{"rendered":"CERTIFICATIONS TOSA"},"content":{"rendered":"<p>[vc_row row_type=&#8221;content_menu&#8221; type=&#8221;full_width&#8221; text_align=&#8221;left&#8221;][vc_column width=&#8221;1\/1&#8243;][\/vc_column][\/vc_row][vc_row][vc_column width=&#8221;1\/1&#8243;][\/vc_column][\/vc_row]<\/p>\n<p>&nbsp;<\/p>\n<p>Vous souhaitez valider vos comp\u00e9tences et obtenir une certification reconnue \u00e0 l\u2019international? Venez vous certifier avec TOSA chez ESIG, le seul centre habilit\u00e9 en Mauritanie! Nous vous proposons une gamme compl\u00e8te de certifications TOSA pour renforcer votre profil professionnel:<\/p>\n<ul>\n<li><strong>TOSA Digital<\/strong> : \u00e9valuez vos connaissances en culture digitale.<\/li>\n<li><strong>TOSA Word<\/strong> : ma\u00eetrisez le traitement de texte.<\/li>\n<li><strong>TOSA Excel<\/strong> : devenez un expert des tableurs.<\/li>\n<li><strong>TOSA PowerPoint<\/strong> : excellez dans la cr\u00e9ation de pr\u00e9sentations.<\/li>\n<li><strong>TOSA Access<\/strong> : d\u00e9veloppez vos comp\u00e9tences en gestion de bases de donn\u00e9es.<\/li>\n<li><strong>TOSA Outlook<\/strong> : optimisez l\u2019utilisation de votre messagerie.<\/li>\n<li><strong>TOSA Photoshop<\/strong> : ma\u00eetrisez l\u2019\u00e9dition d\u2019images.<\/li>\n<li><strong>TOSA Illustrator<\/strong> : perfectionnez vos comp\u00e9tences en graphisme vectoriel.<\/li>\n<li><strong>TOSA InDesign<\/strong> : devenez un pro de la mise en page.<\/li>\n<li><strong>TOSA PHP<\/strong> : am\u00e9liorez vos comp\u00e9tences en programmation web.<\/li>\n<li><strong>TOSA HTML\/CSS<\/strong> : ma\u00eetrisez le d\u00e9veloppement web.<\/li>\n<li><strong>TOSA SQL<\/strong> : optimisez la gestion de bases de donn\u00e9es.<\/li>\n<li><strong>TOSA JavaScript<\/strong> : excellez en d\u00e9veloppement frontend.<\/li>\n<\/ul>\n<p>Ne manquez pas cette opportunit\u00e9 unique de certifier vos comp\u00e9tences et de vous d\u00e9marquer sur le march\u00e9 du travail. Inscrivez-vous d\u00e8s maintenant pour vous pr\u00e9parer et obtenir votre certification TOSA avec ESIG!<\/p>\n<p>&nbsp;<\/p>\n","protected":false},"excerpt":{"rendered":"<p>[vc_row row_type=&#8221;content_menu&#8221; type=&#8221;full_width&#8221; text_align=&#8221;left&#8221;][vc_column width=&#8221;1\/1&#8243;][\/vc_column][\/vc_row][vc_row][vc_column width=&#8221;1\/1&#8243;][\/vc_column][\/vc_row] &nbsp; Vous souhaitez valider vos comp\u00e9tences et obtenir une certification reconnue \u00e0 l\u2019international? Venez vous certifier avec TOSA chez ESIG, le seul centre habilit\u00e9 en Mauritanie! Nous vous proposons une gamme compl\u00e8te de certifications TOSA pour renforcer votre profil&#8230;<\/p>\n","protected":false},"author":1,"featured_media":0,"parent":0,"menu_order":0,"comment_status":"open","ping_status":"closed","template":"","meta":{"om_disable_all_campaigns":false,"footnotes":""},"aioseo_notices":[],"_links":{"self":[{"href":"https:\/\/esiggroupe.com\/index.php\/wp-json\/wp\/v2\/pages\/14833"}],"collection":[{"href":"https:\/\/esiggroupe.com\/index.php\/wp-json\/wp\/v2\/pages"}],"about":[{"href":"https:\/\/esiggroupe.com\/index.php\/wp-json\/wp\/v2\/types\/page"}],"author":[{"embeddable":true,"href":"https:\/\/esiggroupe.com\/index.php\/wp-json\/wp\/v2\/users\/1"}],"replies":[{"embeddable":true,"href":"https:\/\/esiggroupe.com\/index.php\/wp-json\/wp\/v2\/comments?post=14833"}],"version-history":[{"count":2,"href":"https:\/\/esiggroupe.com\/index.php\/wp-json\/wp\/v2\/pages\/14833\/revisions"}],"predecessor-version":[{"id":15968,"href":"https:\/\/esiggroupe.com\/index.php\/wp-json\/wp\/v2\/pages\/14833\/revisions\/15968"}],"wp:attachment":[{"href":"https:\/\/esiggroupe.com\/index.php\/wp-json\/wp\/v2\/media?parent=14833"}],"curies":[{"name":"wp","href":"https:\/\/api.w.org\/{rel}","templated":true}]}}