{"id":15599,"date":"2024-08-24T03:44:57","date_gmt":"2024-08-24T01:44:57","guid":{"rendered":"https:\/\/esiggroupe.com\/?page_id=15599"},"modified":"2024-08-24T04:28:38","modified_gmt":"2024-08-24T02:28:38","slug":"cap-employe-de-commerce-multi-specialites","status":"publish","type":"page","link":"https:\/\/esiggroupe.com\/index.php\/cap-employe-de-commerce-multi-specialites\/","title":{"rendered":"CAP M\u00e9tiers du Multim\u00e9dia et de l\u2019Internet (MMI)"},"content":{"rendered":"<p>[vc_row css_animation=&#8221;&#8221; row_type=&#8221;row&#8221; use_row_as_full_screen_section=&#8221;no&#8221; type=&#8221;grid&#8221; angled_section=&#8221;no&#8221; text_align=&#8221;left&#8221; background_image_as_pattern=&#8221;without_pattern&#8221; padding_top=&#8221;87&#8243; background_color=&#8221;#ffffff&#8221; padding_bottom=&#8221;95&#8243;][vc_column][vc_column_text]<\/p>\n<h3 style=\"text-align: center;\">Le CAP constitue une excellente base pour ceux qui souhaitent d\u00e9buter une carri\u00e8re dans le domaine du multim\u00e9dia et de l&#8217;internet, avec de nombreuses possibilit\u00e9s d&#8217;\u00e9volution et de sp\u00e9cialisation.<\/h3>\n<p>[\/vc_column_text][vc_separator type=&#8221;small&#8221; position=&#8221;center&#8221; down=&#8221;38&#8243; up=&#8221;7&#8243;][vc_separator type=&#8221;transparent&#8221; up=&#8221;62&#8243; down=&#8221;15&#8243;]<div class='q_message  with_icon' style='background-color: #3498db;'><div class='q_message_inner'><div class=\"q_message_icon_holder\"><div class=\"q_message_icon\"><div class=\"q_message_icon_inner\"><img decoding=\"async\" itemprop=\"image\" src=\"https:\/\/esiggroupe.com\/wp-content\/uploads\/2024\/08\/57a32785348b412b3013e4e9bfee68d6a3cbced8.png\" alt=\"\"><\/div><\/div><\/div><a href='#' class='close'><i class='fa fa-times' style=''><\/i><\/a><div class='message_text_holder'><div class='message_text'><div class='message_text_inner'><strong>Assistant Web Designer<\/strong><\/p>\n<ul>\n<li>Cr\u00e9ation et mise \u00e0 jour de sites web sous la direction d&#8217;un web designer.<\/li>\n<li>R\u00e9alisation de maquettes de sites, int\u00e9gration de contenus (texte, image, vid\u00e9o).<\/li>\n<li>Respect des chartes graphiques et des normes de design web.<\/li>\n<\/ul>\n<p><\/div><\/div><\/div><\/div><\/div>[vc_separator type=&#8221;transparent&#8221; up=&#8221;30&#8243; down=&#8221;0&#8243;]<div class='q_message  with_icon' style='background-color: #f1c40f;'><div class='q_message_inner'><div class=\"q_message_icon_holder\"><div class=\"q_message_icon\"><div class=\"q_message_icon_inner\"><img decoding=\"async\" itemprop=\"image\" src=\"https:\/\/esiggroupe.com\/wp-content\/uploads\/2024\/08\/esig-dark.png\" alt=\"\"><\/div><\/div><\/div><a href='#' class='close'><i class='fa fa-times' style=''><\/i><\/a><div class='message_text_holder'><div class='message_text'><div class='message_text_inner'><strong>Assistant Graphiste Multim\u00e9dia<\/strong><\/p>\n<ul>\n<li>Conception et r\u00e9alisation de supports visuels (banni\u00e8res, infographies, illustrations).<\/li>\n<li>Retouche d&#8217;images, cr\u00e9ation de visuels pour les r\u00e9seaux sociaux.<\/li>\n<li>Participation \u00e0 la cr\u00e9ation de logos et d&#8217;identit\u00e9s visuelles.<\/li>\n<\/ul>\n<p><\/div><\/div><\/div><\/div><\/div>[vc_separator type=&#8221;transparent&#8221; up=&#8221;30&#8243; down=&#8221;0&#8243;]<div class='q_message  with_icon' style='background-color: #2ecc71;'><div class='q_message_inner'><div class=\"q_message_icon_holder\"><div class=\"q_message_icon\"><div class=\"q_message_icon_inner\"><img decoding=\"async\" itemprop=\"image\" src=\"https:\/\/esiggroupe.com\/wp-content\/uploads\/2024\/08\/57a32785348b412b3013e4e9bfee68d6a3cbced8.png\" alt=\"\"><\/div><\/div><\/div><a href='#' class='close'><i class='fa fa-times' style=''><\/i><\/a><div class='message_text_holder'><div class='message_text'><div class='message_text_inner'><strong>Monteur Vid\u00e9o Junior<\/strong><\/p>\n<ul>\n<li>Montage de vid\u00e9os pour le web, les r\u00e9seaux sociaux, ou les pr\u00e9sentations d&#8217;entreprise.<\/li>\n<li>Ajout d&#8217;effets sp\u00e9ciaux, transitions, et sous-titres.<\/li>\n<li>Gestion des formats vid\u00e9o et optimisation pour le web.<\/li>\n<\/ul>\n<p><\/div><\/div><\/div><\/div><\/div>[vc_separator type=&#8221;transparent&#8221; up=&#8221;30&#8243; down=&#8221;0&#8243;]<div class='q_message  with_icon' style='background-color: #e74c3c;'><div class='q_message_inner'><div class=\"q_message_icon_holder\"><div class=\"q_message_icon\"><div class=\"q_message_icon_inner\"><img decoding=\"async\" itemprop=\"image\" src=\"https:\/\/esiggroupe.com\/wp-content\/uploads\/2024\/08\/esig-dark.png\" alt=\"\"><\/div><\/div><\/div><a href='#' class='close'><i class='fa fa-times' style=''><\/i><\/a><div class='message_text_holder'><div class='message_text'><div class='message_text_inner'><strong>Technicien en Production Multim\u00e9dia<\/strong><\/p>\n<ul>\n<li>Participation \u00e0 la r\u00e9alisation de contenus multim\u00e9dias (audio, vid\u00e9o, animations).<\/li>\n<li>Utilisation de logiciels sp\u00e9cialis\u00e9s pour l&#8217;\u00e9dition de contenu.<\/li>\n<li>Contribution \u00e0 la sc\u00e9narisation et \u00e0 la production de contenus interactifs.<\/li>\n<\/ul>\n<p><\/div><\/div><\/div><\/div><\/div>[vc_separator type=&#8221;transparent&#8221; up=&#8221;30&#8243; down=&#8221;0&#8243;]<div class='q_message  with_icon' style='background-color: #000000;'><div class='q_message_inner'><div class=\"q_message_icon_holder\"><div class=\"q_message_icon\"><div class=\"q_message_icon_inner\"><img decoding=\"async\" itemprop=\"image\" src=\"https:\/\/esiggroupe.com\/wp-content\/uploads\/2024\/08\/57a32785348b412b3013e4e9bfee68d6a3cbced8.png\" alt=\"\"><\/div><\/div><\/div><a href='#' class='close'><i class='fa fa-times' style=''><\/i><\/a><div class='message_text_holder'><div class='message_text'><div class='message_text_inner'><strong>Assistant Infographiste 3D<\/strong><\/p>\n<ul>\n<li>Mod\u00e9lisation d&#8217;objets 3D pour des projets web ou des animations.<\/li>\n<li>Texturage et rendu d&#8217;images 3D pour int\u00e9gration dans des vid\u00e9os ou des sites.<\/li>\n<li>Collaboration avec des \u00e9quipes cr\u00e9atives sur des projets de r\u00e9alit\u00e9 augment\u00e9e ou virtuelle.<\/li>\n<\/ul>\n<p><\/div><\/div><\/div><\/div><\/div>[vc_separator type=&#8221;transparent&#8221; up=&#8221;30&#8243; down=&#8221;0&#8243;]<div class='q_message  with_icon' style='background-color: #c61009;'><div class='q_message_inner'><div class=\"q_message_icon_holder\"><div class=\"q_message_icon\"><div class=\"q_message_icon_inner\"><img decoding=\"async\" itemprop=\"image\" src=\"https:\/\/esiggroupe.com\/wp-content\/uploads\/2024\/08\/esig-dark.png\" alt=\"\"><\/div><\/div><\/div><a href='#' class='close'><i class='fa fa-times' style=''><\/i><\/a><div class='message_text_holder'><div class='message_text'><div class='message_text_inner'><strong>Technicien en Production Multim\u00e9dia<\/strong><\/p>\n<ul>\n<li>Participation \u00e0 la r\u00e9alisation de contenus multim\u00e9dias (audio, vid\u00e9o, animations).<\/li>\n<li>Utilisation de logiciels sp\u00e9cialis\u00e9s pour l&#8217;\u00e9dition de contenu.<\/li>\n<li>Contribution \u00e0 la sc\u00e9narisation et \u00e0 la production de contenus interactifs.<\/li>\n<\/ul>\n<p><\/div><\/div><\/div><\/div><\/div>[\/vc_column][\/vc_row][vc_row css_animation=&#8221;&#8221; row_type=&#8221;row&#8221; use_row_as_full_screen_section=&#8221;no&#8221; type=&#8221;full_width&#8221; angled_section=&#8221;no&#8221; text_align=&#8221;left&#8221; background_image_as_pattern=&#8221;without_pattern&#8221;][vc_column][\/vc_column][\/vc_row]<\/p>\n","protected":false},"excerpt":{"rendered":"<p>[vc_row css_animation=&#8221;&#8221; row_type=&#8221;row&#8221; use_row_as_full_screen_section=&#8221;no&#8221; type=&#8221;grid&#8221; angled_section=&#8221;no&#8221; text_align=&#8221;left&#8221; background_image_as_pattern=&#8221;without_pattern&#8221; padding_top=&#8221;87&#8243; background_color=&#8221;#ffffff&#8221; padding_bottom=&#8221;95&#8243;][vc_column][vc_column_text] Le CAP constitue une excellente base pour ceux qui souhaitent d\u00e9buter une carri\u00e8re dans le domaine du multim\u00e9dia et de l&#8217;internet, avec de nombreuses possibilit\u00e9s d&#8217;\u00e9volution et de sp\u00e9cialisation. [\/vc_column_text][vc_separator type=&#8221;small&#8221; position=&#8221;center&#8221; down=&#8221;38&#8243; up=&#8221;7&#8243;][vc_separator&#8230;<\/p>\n","protected":false},"author":1,"featured_media":0,"parent":0,"menu_order":0,"comment_status":"open","ping_status":"closed","template":"full_width.php","meta":{"om_disable_all_campaigns":false,"footnotes":""},"aioseo_notices":[],"_links":{"self":[{"href":"https:\/\/esiggroupe.com\/index.php\/wp-json\/wp\/v2\/pages\/15599"}],"collection":[{"href":"https:\/\/esiggroupe.com\/index.php\/wp-json\/wp\/v2\/pages"}],"about":[{"href":"https:\/\/esiggroupe.com\/index.php\/wp-json\/wp\/v2\/types\/page"}],"author":[{"embeddable":true,"href":"https:\/\/esiggroupe.com\/index.php\/wp-json\/wp\/v2\/users\/1"}],"replies":[{"embeddable":true,"href":"https:\/\/esiggroupe.com\/index.php\/wp-json\/wp\/v2\/comments?post=15599"}],"version-history":[{"count":7,"href":"https:\/\/esiggroupe.com\/index.php\/wp-json\/wp\/v2\/pages\/15599\/revisions"}],"predecessor-version":[{"id":15623,"href":"https:\/\/esiggroupe.com\/index.php\/wp-json\/wp\/v2\/pages\/15599\/revisions\/15623"}],"wp:attachment":[{"href":"https:\/\/esiggroupe.com\/index.php\/wp-json\/wp\/v2\/media?parent=15599"}],"curies":[{"name":"wp","href":"https:\/\/api.w.org\/{rel}","templated":true}]}}