{"id":15613,"date":"2024-08-24T04:06:09","date_gmt":"2024-08-24T02:06:09","guid":{"rendered":"https:\/\/esiggroupe.com\/?page_id=15613"},"modified":"2024-08-24T07:09:37","modified_gmt":"2024-08-24T05:09:37","slug":"cap-esthetique-cosmetique-parfumerie","status":"publish","type":"page","link":"https:\/\/esiggroupe.com\/index.php\/cap-esthetique-cosmetique-parfumerie\/","title":{"rendered":"CAP Esth\u00e9tique, Cosm\u00e9tique, Parfumerie"},"content":{"rendered":"<p>[vc_row css_animation=&#8221;&#8221; row_type=&#8221;row&#8221; use_row_as_full_screen_section=&#8221;no&#8221; type=&#8221;grid&#8221; angled_section=&#8221;no&#8221; text_align=&#8221;left&#8221; background_image_as_pattern=&#8221;without_pattern&#8221; padding_top=&#8221;87&#8243; background_color=&#8221;#ffffff&#8221; padding_bottom=&#8221;95&#8243;][vc_column][vc_column_text]Les titulaires du CAP Esth\u00e9tique, Cosm\u00e9tique, Parfumerie sont recherch\u00e9s dans de nombreux secteurs, notamment les instituts de beaut\u00e9, les spas, les salons de coiffure avec service esth\u00e9tique, les parfumeries, et les grandes surfaces sp\u00e9cialis\u00e9es. Ce dipl\u00f4me permet une insertion rapide sur le march\u00e9 du travail avec des opportunit\u00e9s d&#8217;\u00e9volution vers des postes plus sp\u00e9cialis\u00e9s ou de management, notamment en poursuivant des \u00e9tudes compl\u00e9mentaires.<\/p>\n<p>Ce CAP constitue une base solide pour ceux qui souhaitent faire carri\u00e8re dans le domaine de l&#8217;esth\u00e9tique et de la beaut\u00e9, avec des possibilit\u00e9s d&#8217;\u00e9volution en fonction des int\u00e9r\u00eats et des sp\u00e9cialisations choisies.[\/vc_column_text][vc_separator type=&#8221;small&#8221; position=&#8221;center&#8221; down=&#8221;38&#8243; up=&#8221;7&#8243;][vc_column_text]<\/p>\n<h4 style=\"text-align: center;\">Le <strong>CAP Esth\u00e9tique, Cosm\u00e9tique, Parfumerie<\/strong> pr\u00e9pare les \u00e9tudiants \u00e0 travailler dans le domaine de la beaut\u00e9, en leur enseignant les techniques de soins esth\u00e9tiques, de maquillage, de manucure, ainsi que les bases de la vente de produits cosm\u00e9tiques et de parfumerie. Voici les principaux d\u00e9bouch\u00e9s professionnels pour un titulaire de ce dipl\u00f4me :<\/h4>\n<p>[\/vc_column_text][vc_separator type=&#8221;transparent&#8221; up=&#8221;62&#8243; down=&#8221;15&#8243;]<div class='q_message  with_icon' style='background-color: #3498db;'><div class='q_message_inner'><div class=\"q_message_icon_holder\"><div class=\"q_message_icon\"><div class=\"q_message_icon_inner\"><img decoding=\"async\" itemprop=\"image\" src=\"https:\/\/esiggroupe.com\/wp-content\/uploads\/2024\/08\/esig-dark.png\" alt=\"\"><\/div><\/div><\/div><a href='#' class='close'><i class='fa fa-times' style=''><\/i><\/a><div class='message_text_holder'><div class='message_text'><div class='message_text_inner'><strong>Esth\u00e9ticien(ne) en Institut de Beaut\u00e9<\/strong><\/p>\n<ul>\n<li>R\u00e9alisation de soins du visage et du corps (gommages, masques, massages).<\/li>\n<li>\u00c9pilation, maquillage, manucure et p\u00e9dicure.<\/li>\n<li>Conseil et vente de produits de beaut\u00e9 et de soins.<\/li>\n<\/ul>\n<p><\/div><\/div><\/div><\/div><\/div>[vc_separator type=&#8221;transparent&#8221; up=&#8221;30&#8243; down=&#8221;0&#8243;]<div class='q_message  with_icon' style='background-color: #f1c40f;'><div class='q_message_inner'><div class=\"q_message_icon_holder\"><div class=\"q_message_icon\"><div class=\"q_message_icon_inner\"><img decoding=\"async\" itemprop=\"image\" src=\"https:\/\/esiggroupe.com\/wp-content\/uploads\/2024\/08\/esig-dark.png\" alt=\"\"><\/div><\/div><\/div><a href='#' class='close'><i class='fa fa-times' style=''><\/i><\/a><div class='message_text_holder'><div class='message_text'><div class='message_text_inner'><strong>Conseiller(\u00e8re) en Parfumerie<\/strong><\/p>\n<ul>\n<li>Accueil et conseil des clients sur les produits de parfumerie et de soins.<\/li>\n<li>Vente de parfums, produits de maquillage et soins cosm\u00e9tiques.<\/li>\n<li>Gestion des rayons et des stocks de produits.<\/li>\n<\/ul>\n<p><\/div><\/div><\/div><\/div><\/div>[vc_separator type=&#8221;transparent&#8221; up=&#8221;30&#8243; down=&#8221;0&#8243;]<div class='q_message  with_icon' style='background-color: #2ecc71;'><div class='q_message_inner'><div class=\"q_message_icon_holder\"><div class=\"q_message_icon\"><div class=\"q_message_icon_inner\"><img decoding=\"async\" itemprop=\"image\" src=\"https:\/\/esiggroupe.com\/wp-content\/uploads\/2024\/08\/esig-dark.png\" alt=\"\"><\/div><\/div><\/div><a href='#' class='close'><i class='fa fa-times' style=''><\/i><\/a><div class='message_text_holder'><div class='message_text'><div class='message_text_inner'><strong>Esth\u00e9ticien(ne) \u00e0 Domicile<\/strong><\/p>\n<ul>\n<li>Prestation de soins esth\u00e9tiques \u00e0 domicile, en apportant le mat\u00e9riel n\u00e9cessaire chez les clients.<\/li>\n<li>Fid\u00e9lisation d&#8217;une client\u00e8le personnelle par un service personnalis\u00e9.<\/li>\n<li>Conseils en soins esth\u00e9tiques adapt\u00e9s \u00e0 chaque client.<\/li>\n<\/ul>\n<p><\/div><\/div><\/div><\/div><\/div>[vc_separator type=&#8221;transparent&#8221; up=&#8221;30&#8243; down=&#8221;0&#8243;]<div class='q_message  with_icon' style='background-color: #d63147;'><div class='q_message_inner'><div class=\"q_message_icon_holder\"><div class=\"q_message_icon\"><div class=\"q_message_icon_inner\"><img decoding=\"async\" itemprop=\"image\" src=\"https:\/\/esiggroupe.com\/wp-content\/uploads\/2024\/08\/esig-dark.png\" alt=\"\"><\/div><\/div><\/div><a href='#' class='close'><i class='fa fa-times' style=''><\/i><\/a><div class='message_text_holder'><div class='message_text'><div class='message_text_inner'><strong>Maquilleur(euse)<\/strong><\/p>\n<ul>\n<li>R\u00e9alisation de maquillages pour diverses occasions (mariages, \u00e9v\u00e9nements, s\u00e9ances photo).<\/li>\n<li>Travail en collaboration avec des photographes, stylistes, ou sur des plateaux de tournage.<\/li>\n<li>Expertise en maquillage professionnel, artistique ou sp\u00e9cialis\u00e9 (effets sp\u00e9ciaux, th\u00e9\u00e2tre).<\/li>\n<\/ul>\n<p><\/div><\/div><\/div><\/div><\/div>[vc_separator type=&#8221;transparent&#8221; up=&#8221;30&#8243; down=&#8221;0&#8243;]<div class='q_message  with_icon' style='background-color: #190823;'><div class='q_message_inner'><div class=\"q_message_icon_holder\"><div class=\"q_message_icon\"><div class=\"q_message_icon_inner\"><img decoding=\"async\" itemprop=\"image\" src=\"https:\/\/esiggroupe.com\/wp-content\/uploads\/2024\/08\/esig-dark.png\" alt=\"\"><\/div><\/div><\/div><a href='#' class='close'><i class='fa fa-times' style=''><\/i><\/a><div class='message_text_holder'><div class='message_text'><div class='message_text_inner'><strong>Manucure \/ Proth\u00e9siste Ongulaire<\/strong><\/p>\n<ul>\n<li>R\u00e9alisation de soins des mains et des ongles, pose de vernis, et techniques de nail art.<\/li>\n<li>Pose de proth\u00e8ses ongulaires (capsules, gels, r\u00e9sines).<\/li>\n<li>Conseil et vente de produits de soin des ongles.<\/li>\n<\/ul>\n<p><\/div><\/div><\/div><\/div><\/div>[vc_separator type=&#8221;transparent&#8221; up=&#8221;30&#8243; down=&#8221;0&#8243;]<div class='q_message  with_icon' style='background-color: #dd9933;'><div class='q_message_inner'><div class=\"q_message_icon_holder\"><div class=\"q_message_icon\"><div class=\"q_message_icon_inner\"><img decoding=\"async\" itemprop=\"image\" src=\"https:\/\/esiggroupe.com\/wp-content\/uploads\/2024\/08\/esig-dark.png\" alt=\"\"><\/div><\/div><\/div><a href='#' class='close'><i class='fa fa-times' style=''><\/i><\/a><div class='message_text_holder'><div class='message_text'><div class='message_text_inner'><strong>Conseiller(\u00e8re) en Vente de Produits Cosm\u00e9tiques<\/strong><\/p>\n<ul>\n<li>Travail en magasin sp\u00e9cialis\u00e9, grande surface, ou enseigne de cosm\u00e9tiques.<\/li>\n<li>Conseil aux clients sur le choix de produits adapt\u00e9s \u00e0 leur type de peau et besoins.<\/li>\n<li>Participation \u00e0 la gestion des stocks, organisation des rayons, et mise en place des promotions.<\/li>\n<\/ul>\n<p><\/div><\/div><\/div><\/div><\/div>[vc_separator type=&#8221;transparent&#8221; up=&#8221;30&#8243; down=&#8221;0&#8243;]<div class='q_message  with_icon' style='background-color: #1d2c7f;'><div class='q_message_inner'><div class=\"q_message_icon_holder\"><div class=\"q_message_icon\"><div class=\"q_message_icon_inner\"><img decoding=\"async\" itemprop=\"image\" src=\"https:\/\/esiggroupe.com\/wp-content\/uploads\/2024\/08\/esig-dark.png\" alt=\"\"><\/div><\/div><\/div><a href='#' class='close'><i class='fa fa-times' style=''><\/i><\/a><div class='message_text_holder'><div class='message_text'><div class='message_text_inner'><strong>Animateur(trice) de Stand Beaut\u00e9 en Grande Surface<\/strong><\/p>\n<ul>\n<li>Promotion et d\u00e9monstration de produits de beaut\u00e9 dans les grandes surfaces ou magasins sp\u00e9cialis\u00e9s.<\/li>\n<li>Organisation d&#8217;animations commerciales pour attirer et fid\u00e9liser la client\u00e8le.<\/li>\n<li>Gestion des ventes et conseils personnalis\u00e9s sur les produits.<\/li>\n<\/ul>\n<p><\/div><\/div><\/div><\/div><\/div>[vc_separator type=&#8221;transparent&#8221; up=&#8221;30&#8243; down=&#8221;0&#8243;][\/vc_column][\/vc_row][vc_row css_animation=&#8221;&#8221; row_type=&#8221;row&#8221; use_row_as_full_screen_section=&#8221;no&#8221; type=&#8221;full_width&#8221; angled_section=&#8221;no&#8221; text_align=&#8221;left&#8221; background_image_as_pattern=&#8221;without_pattern&#8221;][vc_column][\/vc_column][\/vc_row]<\/p>\n","protected":false},"excerpt":{"rendered":"<p>[vc_row css_animation=&#8221;&#8221; row_type=&#8221;row&#8221; use_row_as_full_screen_section=&#8221;no&#8221; type=&#8221;grid&#8221; angled_section=&#8221;no&#8221; text_align=&#8221;left&#8221; background_image_as_pattern=&#8221;without_pattern&#8221; padding_top=&#8221;87&#8243; background_color=&#8221;#ffffff&#8221; padding_bottom=&#8221;95&#8243;][vc_column][vc_column_text]Les titulaires du CAP Esth\u00e9tique, Cosm\u00e9tique, Parfumerie sont recherch\u00e9s dans de nombreux secteurs, notamment les instituts de beaut\u00e9, les spas, les salons de coiffure avec service esth\u00e9tique, les parfumeries, et les grandes surfaces sp\u00e9cialis\u00e9es. Ce&#8230;<\/p>\n","protected":false},"author":1,"featured_media":0,"parent":0,"menu_order":0,"comment_status":"open","ping_status":"closed","template":"full_width.php","meta":{"om_disable_all_campaigns":false,"footnotes":""},"aioseo_notices":[],"_links":{"self":[{"href":"https:\/\/esiggroupe.com\/index.php\/wp-json\/wp\/v2\/pages\/15613"}],"collection":[{"href":"https:\/\/esiggroupe.com\/index.php\/wp-json\/wp\/v2\/pages"}],"about":[{"href":"https:\/\/esiggroupe.com\/index.php\/wp-json\/wp\/v2\/types\/page"}],"author":[{"embeddable":true,"href":"https:\/\/esiggroupe.com\/index.php\/wp-json\/wp\/v2\/users\/1"}],"replies":[{"embeddable":true,"href":"https:\/\/esiggroupe.com\/index.php\/wp-json\/wp\/v2\/comments?post=15613"}],"version-history":[{"count":3,"href":"https:\/\/esiggroupe.com\/index.php\/wp-json\/wp\/v2\/pages\/15613\/revisions"}],"predecessor-version":[{"id":15638,"href":"https:\/\/esiggroupe.com\/index.php\/wp-json\/wp\/v2\/pages\/15613\/revisions\/15638"}],"wp:attachment":[{"href":"https:\/\/esiggroupe.com\/index.php\/wp-json\/wp\/v2\/media?parent=15613"}],"curies":[{"name":"wp","href":"https:\/\/api.w.org\/{rel}","templated":true}]}}