{"id":15653,"date":"2024-08-24T08:39:47","date_gmt":"2024-08-24T06:39:47","guid":{"rendered":"https:\/\/esiggroupe.com\/?page_id=15653"},"modified":"2024-08-24T08:39:47","modified_gmt":"2024-08-24T06:39:47","slug":"bt-agence-de-voyage","status":"publish","type":"page","link":"https:\/\/esiggroupe.com\/index.php\/bt-agence-de-voyage\/","title":{"rendered":"BT AGENCE DE VOYAGE"},"content":{"rendered":"<p>[vc_row css_animation=&#8221;&#8221; row_type=&#8221;row&#8221; use_row_as_full_screen_section=&#8221;no&#8221; type=&#8221;grid&#8221; angled_section=&#8221;no&#8221; text_align=&#8221;left&#8221; background_image_as_pattern=&#8221;without_pattern&#8221; padding_top=&#8221;90&#8243; padding_bottom=&#8221;90&#8243; anchor=&#8221;portfolio&#8221; background_color=&#8221;#f8f8f8&#8243;][vc_column width=&#8221;1\/2&#8243;][vc_single_image image=&#8221;15643&#8243; img_size=&#8221;full&#8221; alignment=&#8221;center&#8221; qode_css_animation=&#8221;element_from_left&#8221; transition_delay=&#8221;0.2&#8243;][\/vc_column][vc_column width=&#8221;1\/2&#8243;][vc_separator type=&#8221;transparent&#8221; up=&#8221;60&#8243; down=&#8221;0&#8243;][vc_column_text]<\/p>\n<h4 style=\"text-align: left;\">Quoi et Pourquoi ?<\/h4>\n<p>[\/vc_column_text][vc_separator type=&#8221;transparent&#8221; down=&#8221;0&#8243; up=&#8221;12&#8243;][vc_column_text]Le <strong>BT (Brevet de Technicien) Transport Logistique<\/strong> forme les \u00e9tudiants aux m\u00e9tiers du transport et de la logistique, leur permettant de g\u00e9rer les flux de marchandises, de coordonner les op\u00e9rations de transport, et d&#8217;assurer l&#8217;optimisation des cha\u00eenes d&#8217;approvisionnement. Voici un aper\u00e7u des d\u00e9bouch\u00e9s professionnels et cinq raisons de suivre cette formation.[\/vc_column_text][vc_separator type=&#8221;transparent&#8221; down=&#8221;16&#8243; up=&#8221;5&#8243;]<a  itemprop=\"url\" href=\"#\" target=\"_self\"  class=\"qbutton  small center default\" style=\"\">voir suite<\/a><a  itemprop=\"url\" href=\"#\" target=\"_self\" data-hover-background-color='#f53644' data-hover-border-color='#f53644' data-hover-color='#ffffff' class=\"qbutton  small center default\" style=\"color: #000000; border-color: #d3d3d3; margin: 0px 0px 0px 7px; \">voir suite<\/a>[\/vc_column][\/vc_row][vc_row css_animation=&#8221;&#8221; row_type=&#8221;row&#8221; use_row_as_full_screen_section=&#8221;no&#8221; type=&#8221;grid&#8221; angled_section=&#8221;no&#8221; text_align=&#8221;left&#8221; background_image_as_pattern=&#8221;without_pattern&#8221; padding_top=&#8221;90&#8243; padding_bottom=&#8221;0&#8243; anchor=&#8221;portfolio&#8221; background_color=&#8221;#f1f1f1&#8243;][vc_column width=&#8221;1\/2&#8243;][vc_separator type=&#8221;transparent&#8221; up=&#8221;60&#8243; down=&#8221;0&#8243;][vc_column_text]<\/p>\n<h4 style=\"text-align: left;\">D\u00e9bouch\u00e9s Professionnels<\/h4>\n<p>[\/vc_column_text][vc_separator type=&#8221;transparent&#8221; down=&#8221;0&#8243; up=&#8221;12&#8243;][vc_column_text]<\/p>\n<ul>\n<li><strong>Agent de Transit<\/strong>\n<ul>\n<li>Organisation et suivi des exp\u00e9ditions internationales de marchandises.<\/li>\n<li>Coordination des formalit\u00e9s douani\u00e8res et gestion des documents de transport.<\/li>\n<li>Relation avec les transporteurs, compagnies maritimes, et clients.<\/li>\n<\/ul>\n<\/li>\n<li><strong>Responsable Logistique<\/strong>\n<ul>\n<li>Gestion des flux de marchandises dans un entrep\u00f4t ou un centre de distribution.<\/li>\n<li>Optimisation des processus de stockage, pr\u00e9paration des commandes, et exp\u00e9dition.<\/li>\n<li>Supervision d&#8217;une \u00e9quipe de logisticiens et gestion des stocks.<\/li>\n<\/ul>\n<\/li>\n<li><strong>Affr\u00e9teur<\/strong>\n<ul>\n<li>N\u00e9gociation des contrats de transport avec les transporteurs.<\/li>\n<li>Organisation des itin\u00e9raires et des moyens de transport les plus efficaces.<\/li>\n<li>Suivi des livraisons et gestion des incidents de transport.<\/li>\n<\/ul>\n<\/li>\n<li><strong>Gestionnaire de Stock<\/strong>\n<ul>\n<li>Surveillance et gestion des niveaux de stock pour \u00e9viter les ruptures ou les exc\u00e8s.<\/li>\n<li>Utilisation de logiciels de gestion de stocks pour optimiser les r\u00e9approvisionnements.<\/li>\n<li>Coordination avec les services de production et de vente pour assurer la disponibilit\u00e9 des produits.<\/li>\n<\/ul>\n<\/li>\n<li><strong>Coordonnateur de Transport<\/strong>\n<ul>\n<li>Planification et coordination des op\u00e9rations de transport de marchandises.<\/li>\n<li>Suivi des livraisons, gestion des plannings de chauffeurs, et optimisation des tourn\u00e9es.<\/li>\n<li>Gestion des relations avec les clients et r\u00e9solution des probl\u00e8mes logistiques.<\/li>\n<\/ul>\n<\/li>\n<\/ul>\n<p>[\/vc_column_text][vc_separator type=&#8221;transparent&#8221; down=&#8221;16&#8243; up=&#8221;5&#8243;][vc_separator type=&#8221;transparent&#8221; up=&#8221;89&#8243; down=&#8221;0&#8243;][\/vc_column][vc_column width=&#8221;1\/2&#8243;][vc_single_image image=&#8221;15642&#8243; img_size=&#8221;full&#8221; alignment=&#8221;center&#8221; qode_css_animation=&#8221;element_from_right&#8221; transition_delay=&#8221;0.4&#8243;][vc_separator type=&#8221;transparent&#8221; up=&#8221;89&#8243; down=&#8221;0&#8243;][\/vc_column][\/vc_row][vc_row css_animation=&#8221;&#8221; row_type=&#8221;row&#8221; use_row_as_full_screen_section=&#8221;no&#8221; type=&#8221;grid&#8221; angled_section=&#8221;no&#8221; text_align=&#8221;left&#8221; background_image_as_pattern=&#8221;without_pattern&#8221; padding_top=&#8221;90&#8243; padding_bottom=&#8221;90&#8243; anchor=&#8221;portfolio&#8221; background_color=&#8221;#f8f8f8&#8243;][vc_column width=&#8221;1\/2&#8243;][vc_single_image image=&#8221;15641&#8243; img_size=&#8221;full&#8221; alignment=&#8221;center&#8221; qode_css_animation=&#8221;element_from_left&#8221; transition_delay=&#8221;0.2&#8243;][\/vc_column][vc_column width=&#8221;1\/2&#8243;][vc_separator type=&#8221;transparent&#8221; up=&#8221;60&#8243; down=&#8221;0&#8243;][vc_column_text]<\/p>\n<h4 style=\"text-align: left;\">Cinq Raisons de Suivre la Formation en BT Transport Logistique<\/h4>\n<p>[\/vc_column_text][vc_separator type=&#8221;transparent&#8221; down=&#8221;0&#8243; up=&#8221;12&#8243;][vc_column_text]<\/p>\n<ul>\n<li><strong>Large Gamme de D\u00e9bouch\u00e9s Professionnels<\/strong>\n<ul>\n<li>Le secteur du transport et de la logistique offre une vari\u00e9t\u00e9 de m\u00e9tiers, ce qui permet aux dipl\u00f4m\u00e9s de choisir parmi plusieurs domaines d&#8217;expertise, que ce soit dans la gestion de stock, la coordination de transport, ou la logistique internationale.<\/li>\n<\/ul>\n<\/li>\n<li><strong>Forte Demande sur le March\u00e9 du Travail<\/strong>\n<ul>\n<li>Le secteur de la logistique et du transport est en pleine croissance, avec une demande constante pour des professionnels qualifi\u00e9s capables de g\u00e9rer les cha\u00eenes d&#8217;approvisionnement, notamment avec l&#8217;essor du commerce en ligne et des besoins en transport international.<\/li>\n<\/ul>\n<\/li>\n<li><strong>Possibilit\u00e9s d&#8217;\u00c9volution de Carri\u00e8re<\/strong>\n<ul>\n<li>Les dipl\u00f4m\u00e9s du BT Transport Logistique peuvent rapidement \u00e9voluer vers des postes \u00e0 responsabilit\u00e9s, comme gestionnaire de logistique ou responsable d&#8217;entrep\u00f4t, avec des possibilit\u00e9s de progression vers des fonctions de management ou de direction.<\/li>\n<\/ul>\n<\/li>\n<li><strong>Opportunit\u00e9s \u00e0 l&#8217;International<\/strong>\n<ul>\n<li>Les comp\u00e9tences acquises dans ce domaine sont recherch\u00e9es dans le monde entier, offrant aux dipl\u00f4m\u00e9s des opportunit\u00e9s de travailler \u00e0 l&#8217;international, notamment dans le secteur des importations\/exportations, le transit, ou la logistique maritime.<\/li>\n<\/ul>\n<\/li>\n<li><strong>Diversit\u00e9 des Comp\u00e9tences Acquises<\/strong>\n<ul>\n<li>La formation permet d&#8217;acqu\u00e9rir un ensemble de comp\u00e9tences vari\u00e9es, allant de la gestion des flux de marchandises \u00e0 l&#8217;optimisation des cha\u00eenes d&#8217;approvisionnement, en passant par la ma\u00eetrise des outils informatiques de gestion et des r\u00e9glementations douani\u00e8res. Cette polyvalence rend les dipl\u00f4m\u00e9s tr\u00e8s attractifs pour les employeurs.<\/li>\n<\/ul>\n<\/li>\n<\/ul>\n<p>[\/vc_column_text][vc_separator type=&#8221;transparent&#8221; down=&#8221;16&#8243; up=&#8221;5&#8243;][\/vc_column][\/vc_row][vc_row css_animation=&#8221;&#8221; row_type=&#8221;row&#8221; use_row_as_full_screen_section=&#8221;no&#8221; type=&#8221;grid&#8221; angled_section=&#8221;no&#8221; text_align=&#8221;left&#8221; background_image_as_pattern=&#8221;without_pattern&#8221; padding_top=&#8221;48&#8243; padding_bottom=&#8221;52&#8243; background_color=&#8221;#f1f1f1&#8243;][vc_column][vc_column_text]<\/p>\n<h6 style=\"text-align: center;\"><span style=\"color: #f53644;\">100 % d&#8217;admis aux examens d&#8217;etats depuis\u00a0 6 ans\u00a0<\/span><\/h6>\n<p>[\/vc_column_text][\/vc_column][\/vc_row]<\/p>\n","protected":false},"excerpt":{"rendered":"<p>[vc_row css_animation=&#8221;&#8221; row_type=&#8221;row&#8221; use_row_as_full_screen_section=&#8221;no&#8221; type=&#8221;grid&#8221; angled_section=&#8221;no&#8221; text_align=&#8221;left&#8221; background_image_as_pattern=&#8221;without_pattern&#8221; padding_top=&#8221;90&#8243; padding_bottom=&#8221;90&#8243; anchor=&#8221;portfolio&#8221; background_color=&#8221;#f8f8f8&#8243;][vc_column width=&#8221;1\/2&#8243;][vc_single_image image=&#8221;15643&#8243; img_size=&#8221;full&#8221; alignment=&#8221;center&#8221; qode_css_animation=&#8221;element_from_left&#8221; transition_delay=&#8221;0.2&#8243;][\/vc_column][vc_column width=&#8221;1\/2&#8243;][vc_separator type=&#8221;transparent&#8221; up=&#8221;60&#8243; down=&#8221;0&#8243;][vc_column_text] Quoi et Pourquoi ? [\/vc_column_text][vc_separator type=&#8221;transparent&#8221; down=&#8221;0&#8243; up=&#8221;12&#8243;][vc_column_text]Le BT (Brevet de Technicien) Transport Logistique forme les \u00e9tudiants aux m\u00e9tiers du transport et de&#8230;<\/p>\n","protected":false},"author":1,"featured_media":0,"parent":0,"menu_order":0,"comment_status":"open","ping_status":"closed","template":"full_width.php","meta":{"om_disable_all_campaigns":false,"footnotes":""},"aioseo_notices":[],"_links":{"self":[{"href":"https:\/\/esiggroupe.com\/index.php\/wp-json\/wp\/v2\/pages\/15653"}],"collection":[{"href":"https:\/\/esiggroupe.com\/index.php\/wp-json\/wp\/v2\/pages"}],"about":[{"href":"https:\/\/esiggroupe.com\/index.php\/wp-json\/wp\/v2\/types\/page"}],"author":[{"embeddable":true,"href":"https:\/\/esiggroupe.com\/index.php\/wp-json\/wp\/v2\/users\/1"}],"replies":[{"embeddable":true,"href":"https:\/\/esiggroupe.com\/index.php\/wp-json\/wp\/v2\/comments?post=15653"}],"version-history":[{"count":1,"href":"https:\/\/esiggroupe.com\/index.php\/wp-json\/wp\/v2\/pages\/15653\/revisions"}],"predecessor-version":[{"id":15654,"href":"https:\/\/esiggroupe.com\/index.php\/wp-json\/wp\/v2\/pages\/15653\/revisions\/15654"}],"wp:attachment":[{"href":"https:\/\/esiggroupe.com\/index.php\/wp-json\/wp\/v2\/media?parent=15653"}],"curies":[{"name":"wp","href":"https:\/\/api.w.org\/{rel}","templated":true}]}}