{"id":15825,"date":"2024-08-27T06:30:03","date_gmt":"2024-08-27T04:30:03","guid":{"rendered":"https:\/\/esiggroupe.com\/?page_id=15825"},"modified":"2024-08-29T03:30:31","modified_gmt":"2024-08-29T01:30:31","slug":"certifications","status":"publish","type":"page","link":"https:\/\/esiggroupe.com\/index.php\/certifications\/","title":{"rendered":"CERTIFICATIONS"},"content":{"rendered":"<p>[vc_row css_animation=&#8221;&#8221; row_type=&#8221;row&#8221; use_row_as_full_screen_section=&#8221;no&#8221; type=&#8221;full_width&#8221; angled_section=&#8221;no&#8221; text_align=&#8221;left&#8221; background_image_as_pattern=&#8221;without_pattern&#8221; padding_bottom=&#8221;78&#8243; padding_top=&#8221;20&#8243;][vc_column width=&#8221;1\/2&#8243;][vc_single_image image=&#8221;15873&#8243; img_size=&#8221;full&#8221; qode_css_animation=&#8221;&#8221;][vc_separator type=&#8221;transparent&#8221; up=&#8221;20&#8243; down=&#8221;20&#8243;][\/vc_column][vc_column width=&#8221;1\/2&#8243;][vc_column_text]DIPLOME DE QUALIFICATION[\/vc_column_text][vc_separator type=&#8221;small&#8221; position=&#8221;left&#8221; up=&#8221;16&#8243; down=&#8221;12&#8243;][vc_column_text]Nous invitons tous ceux qui souhaitent se perfectionner \u00e0 rejoindre notre programme de dipl\u00f4mes de qualification de niveau Bac +2. Ces formations sont con\u00e7ues pour ceux qui ont un niveau Terminal au niveau BT ou qui d\u00e9tiennent d\u00e9j\u00e0 un BT d&#8217;\u00e9cole. Venez acqu\u00e9rir des comp\u00e9tences pratiques et sp\u00e9cialis\u00e9es qui vous ouvriront de nouvelles perspectives professionnelles. Nos dipl\u00f4mes sont reconnus pour leur pertinence sur le march\u00e9 du travail, et notre approche p\u00e9dagogique vous garantit une formation de qualit\u00e9, adapt\u00e9e aux exigences actuelles. Rejoignez-nous et pr\u00e9parez votre avenir d\u00e8s aujourd&#8217;hui![\/vc_column_text][vc_separator type=&#8221;transparent&#8221; up=&#8221;5&#8243; down=&#8221;5&#8243;][\/vc_column][\/vc_row][vc_row css_animation=&#8221;&#8221; row_type=&#8221;row&#8221; use_row_as_full_screen_section=&#8221;no&#8221; type=&#8221;full_width&#8221; angled_section=&#8221;no&#8221; text_align=&#8221;left&#8221; background_image_as_pattern=&#8221;without_pattern&#8221; padding_bottom=&#8221;93&#8243;][vc_column width=&#8221;1\/2&#8243;][vc_column_text]<\/p>\n<h5>CERTIFICATION TOSA<\/h5>\n<p>[\/vc_column_text][vc_separator type=&#8221;small&#8221; position=&#8221;left&#8221; up=&#8221;16&#8243; down=&#8221;12&#8243;][vc_column_text]Vous \u00eates \u00e9tudiant, professionnel ou particulier \u00e0 la recherche d&#8217;une certification reconnue pour booster vos comp\u00e9tences en informatique? Rejoignez LESIG, le seul centre habilit\u00e9 en Mauritanie pour vous pr\u00e9parer et vous certifier avec TOSA. Que vous souhaitiez valider vos comp\u00e9tences en bureautique, en digital ou en programmation, nos formations adapt\u00e9es \u00e0 tous les niveaux vous pr\u00e9pareront efficacement aux certifications TOSA. Ne manquez pas cette opportunit\u00e9 unique de renforcer votre profil professionnel avec une certification internationalement reconnue. Inscrivez-vous d\u00e8s maintenant et faites de votre r\u00e9ussite notre priorit\u00e9![\/vc_column_text][vc_separator type=&#8221;transparent&#8221; up=&#8221;5&#8243; down=&#8221;5&#8243;][vc_column_text el_class=&#8221;qode_custom_link&#8221;]<a href=\"https:\/\/esiggroupe.com\/index.php\/certifications-tosa\/\">En savoir plus<\/a>[\/vc_column_text][vc_separator type=&#8221;transparent&#8221; down=&#8221;20&#8243;][\/vc_column][vc_column width=&#8221;1\/2&#8243;][vc_single_image image=&#8221;15957&#8243; img_size=&#8221;full&#8221; qode_css_animation=&#8221;&#8221;][\/vc_column][\/vc_row][vc_row css_animation=&#8221;&#8221; row_type=&#8221;row&#8221; use_row_as_full_screen_section=&#8221;no&#8221; type=&#8221;full_width&#8221; angled_section=&#8221;no&#8221; text_align=&#8221;left&#8221; background_image_as_pattern=&#8221;without_pattern&#8221; padding_bottom=&#8221;78&#8243;][vc_column width=&#8221;1\/2&#8243;][vc_single_image image=&#8221;15904&#8243; img_size=&#8221;full&#8221; qode_css_animation=&#8221;&#8221;][vc_separator type=&#8221;transparent&#8221; up=&#8221;20&#8243; down=&#8221;20&#8243;][\/vc_column][vc_column width=&#8221;1\/2&#8243;][vc_column_text]<\/p>\n<h5>FORMATIONS A LA CARTE et FORMATION DE COURTE DUREE<\/h5>\n<p>[\/vc_column_text][vc_separator type=&#8221;small&#8221; position=&#8221;left&#8221; up=&#8221;16&#8243; down=&#8221;12&#8243;][vc_column_text]Vous souhaitez d\u00e9velopper de nouvelles comp\u00e9tences \u00e0 votre rythme et selon vos besoins? Venez vous former \u00e0 la carte \u00e0 ESIG! Nous vous offrons la possibilit\u00e9 de choisir des modules de formation personnalis\u00e9s dans les domaines qui vous int\u00e9ressent le plus. Que vous soyez \u00e9tudiant, professionnel ou particulier, nos programmes flexibles et adapt\u00e9s vous permettent de progresser selon votre emploi du temps. Profitez d&#8217;une formation sur mesure, con\u00e7ue pour r\u00e9pondre \u00e0 vos objectifs sp\u00e9cifiques et boostez votre carri\u00e8re avec ESIG. Rejoignez-nous et fa\u00e7onnez votre avenir \u00e0 votre mani\u00e8re![\/vc_column_text][vc_separator type=&#8221;transparent&#8221; up=&#8221;5&#8243; down=&#8221;5&#8243;][\/vc_column][\/vc_row][vc_row css_animation=&#8221;&#8221; row_type=&#8221;row&#8221; use_row_as_full_screen_section=&#8221;no&#8221; type=&#8221;full_width&#8221; angled_section=&#8221;no&#8221; text_align=&#8221;left&#8221; background_image_as_pattern=&#8221;without_pattern&#8221; padding_bottom=&#8221;95&#8243;][vc_column width=&#8221;1\/2&#8243;][vc_column_text]<\/p>\n<h5>FORMATIONS EN ENTREPRISE<\/h5>\n<p>[\/vc_column_text][vc_separator type=&#8221;small&#8221; position=&#8221;left&#8221; up=&#8221;16&#8243; down=&#8221;12&#8243;][vc_column_text]Chers chefs d&#8217;entreprises,<\/p>\n<p>Pour renforcer les comp\u00e9tences de vos \u00e9quipes et garantir leur efficacit\u00e9, faites appel \u00e0 ESIG! Nous proposons des formations initiales et continues adapt\u00e9es aux besoins de votre entreprise, ainsi que des \u00e9valuations personnalis\u00e9es pour mesurer la ma\u00eetrise des outils informatiques. En tant que seul centre habilit\u00e9 en Mauritanie, ESIG vous offre \u00e9galement la possibilit\u00e9 de certifier vos employ\u00e9s avec TOSA, une reconnaissance internationale de leurs comp\u00e9tences. Investissez dans le d\u00e9veloppement de votre personnel et boostez la performance de votre entreprise avec nos programmes sur mesure. Contactez-nous d\u00e8s aujourd&#8217;hui pour \u00e9laborer ensemble une solution adapt\u00e9e \u00e0 vos objectifs.[\/vc_column_text][vc_separator type=&#8221;transparent&#8221; up=&#8221;5&#8243; down=&#8221;5&#8243;][vc_separator type=&#8221;transparent&#8221; down=&#8221;20&#8243;][\/vc_column][vc_column width=&#8221;1\/2&#8243;][vc_single_image image=&#8221;15876&#8243; img_size=&#8221;full&#8221; qode_css_animation=&#8221;&#8221;][\/vc_column][\/vc_row]<\/p>\n","protected":false},"excerpt":{"rendered":"<p>[vc_row css_animation=&#8221;&#8221; row_type=&#8221;row&#8221; use_row_as_full_screen_section=&#8221;no&#8221; type=&#8221;full_width&#8221; angled_section=&#8221;no&#8221; text_align=&#8221;left&#8221; background_image_as_pattern=&#8221;without_pattern&#8221; padding_bottom=&#8221;78&#8243; padding_top=&#8221;20&#8243;][vc_column width=&#8221;1\/2&#8243;][vc_single_image image=&#8221;15873&#8243; img_size=&#8221;full&#8221; qode_css_animation=&#8221;&#8221;][vc_separator type=&#8221;transparent&#8221; up=&#8221;20&#8243; down=&#8221;20&#8243;][\/vc_column][vc_column width=&#8221;1\/2&#8243;][vc_column_text]DIPLOME DE QUALIFICATION[\/vc_column_text][vc_separator type=&#8221;small&#8221; position=&#8221;left&#8221; up=&#8221;16&#8243; down=&#8221;12&#8243;][vc_column_text]Nous invitons tous ceux qui souhaitent se perfectionner \u00e0 rejoindre notre programme de dipl\u00f4mes de qualification de niveau Bac +2. Ces formations&#8230;<\/p>\n","protected":false},"author":1,"featured_media":0,"parent":0,"menu_order":0,"comment_status":"open","ping_status":"open","template":"","meta":{"om_disable_all_campaigns":false,"footnotes":""},"aioseo_notices":[],"_links":{"self":[{"href":"https:\/\/esiggroupe.com\/index.php\/wp-json\/wp\/v2\/pages\/15825"}],"collection":[{"href":"https:\/\/esiggroupe.com\/index.php\/wp-json\/wp\/v2\/pages"}],"about":[{"href":"https:\/\/esiggroupe.com\/index.php\/wp-json\/wp\/v2\/types\/page"}],"author":[{"embeddable":true,"href":"https:\/\/esiggroupe.com\/index.php\/wp-json\/wp\/v2\/users\/1"}],"replies":[{"embeddable":true,"href":"https:\/\/esiggroupe.com\/index.php\/wp-json\/wp\/v2\/comments?post=15825"}],"version-history":[{"count":8,"href":"https:\/\/esiggroupe.com\/index.php\/wp-json\/wp\/v2\/pages\/15825\/revisions"}],"predecessor-version":[{"id":15967,"href":"https:\/\/esiggroupe.com\/index.php\/wp-json\/wp\/v2\/pages\/15825\/revisions\/15967"}],"wp:attachment":[{"href":"https:\/\/esiggroupe.com\/index.php\/wp-json\/wp\/v2\/media?parent=15825"}],"curies":[{"name":"wp","href":"https:\/\/api.w.org\/{rel}","templated":true}]}}